{"id":6091,"date":"2024-10-28T14:49:56","date_gmt":"2024-10-28T13:49:56","guid":{"rendered":"https:\/\/www.smartapply.io\/?page_id=6091"},"modified":"2025-03-18T11:09:59","modified_gmt":"2025-03-18T10:09:59","slug":"tuvat-watch","status":"publish","type":"page","link":"https:\/\/www.smartapply.io\/de\/webinars\/tuv-austria-bewerberinnen-zufriedenheit\/tuvat-watch\/","title":{"rendered":"T\u00dcV Austria steigert die Zufriedenheit seiner Bewerber:innen deutlich &#8211; Ansehen"},"content":{"rendered":"\t\t<div data-elementor-type=\"wp-page\" data-elementor-id=\"6091\" class=\"elementor elementor-6091\" data-elementor-post-type=\"page\">\n\t\t\t\t<div class=\"elementor-element elementor-element-3c822c5 e-flex e-con-boxed e-con e-parent\" data-id=\"3c822c5\" data-element_type=\"container\" data-settings=\"{&quot;background_background&quot;:&quot;gradient&quot;,&quot;shape_divider_bottom&quot;:&quot;waves&quot;}\">\n\t\t\t\t\t<div class=\"e-con-inner\">\n\t\t\t\t<div class=\"elementor-shape elementor-shape-bottom\" aria-hidden=\"true\" data-negative=\"false\">\n\t\t\t<svg xmlns=\"http:\/\/www.w3.org\/2000\/svg\" viewBox=\"0 0 1000 100\" preserveAspectRatio=\"none\">\n\t<path class=\"elementor-shape-fill\" d=\"M421.9,6.5c22.6-2.5,51.5,0.4,75.5,5.3c23.6,4.9,70.9,23.5,100.5,35.7c75.8,32.2,133.7,44.5,192.6,49.7\n\tc23.6,2.1,48.7,3.5,103.4-2.5c54.7-6,106.2-25.6,106.2-25.6V0H0v30.3c0,0,72,32.6,158.4,30.5c39.2-0.7,92.8-6.7,134-22.4\n\tc21.2-8.1,52.2-18.2,79.7-24.2C399.3,7.9,411.6,7.5,421.9,6.5z\"\/>\n<\/svg>\t\t<\/div>\n\t\t<div class=\"elementor-element elementor-element-6919067 e-con-full e-flex e-con e-child\" data-id=\"6919067\" data-element_type=\"container\">\n\t\t\t\t<div class=\"elementor-element elementor-element-4064964 elementor-widget elementor-widget-heading\" data-id=\"4064964\" data-element_type=\"widget\" data-widget_type=\"heading.default\">\n\t\t\t\t<div class=\"elementor-widget-container\">\n\t\t\t\t\t<h1 class=\"elementor-heading-title elementor-size-default\">So hat T\u00dcV AUSTRIA die Zufriedenheit seiner Bewerber:innen deutlich gesteigert<\/h1>\t\t\t\t<\/div>\n\t\t\t\t<\/div>\n\t\t\t\t<\/div>\n\t\t\t\t\t<\/div>\n\t\t\t\t<\/div>\n\t\t<div class=\"elementor-element elementor-element-83030b2 e-flex e-con-boxed e-con e-child\" data-id=\"83030b2\" data-element_type=\"container\">\n\t\t\t\t\t<div class=\"e-con-inner\">\n\t\t<div class=\"elementor-element elementor-element-db6683a e-con-full e-flex e-con e-child\" data-id=\"db6683a\" data-element_type=\"container\">\n\t\t<div class=\"elementor-element elementor-element-0d1fe22 e-flex e-con-boxed e-con e-child\" data-id=\"0d1fe22\" data-element_type=\"container\">\n\t\t\t\t\t<div class=\"e-con-inner\">\n\t\t\t\t<div class=\"elementor-element elementor-element-41add45 elementor-widget elementor-widget-video\" data-id=\"41add45\" data-element_type=\"widget\" data-settings=\"{&quot;video_type&quot;:&quot;hosted&quot;,&quot;controls&quot;:&quot;yes&quot;}\" data-widget_type=\"video.default\">\n\t\t\t\t<div class=\"elementor-widget-container\">\n\t\t\t\t\t\t\t<div class=\"e-hosted-video elementor-wrapper elementor-open-inline\">\n\t\t\t\t\t<video class=\"elementor-video\" src=\"https:\/\/www.smartapply.io\/wp-content\/uploads\/manual\/TUVAT2024_Aufzeichnung.mp4\" controls=\"\" preload=\"metadata\" controlsList=\"nodownload\"><\/video>\n\t\t\t\t<\/div>\n\t\t\t\t\t\t<\/div>\n\t\t\t\t<\/div>\n\t\t\t\t<div class=\"elementor-element elementor-element-4ae2984 elementor-widget elementor-widget-text-editor\" data-id=\"4ae2984\" data-element_type=\"widget\" data-widget_type=\"text-editor.default\">\n\t\t\t\t<div class=\"elementor-widget-container\">\n\t\t\t\t\t\t\t\t\t<p>Das Bewerbungsformular des T\u00dcV AUSTRIA war <strong>in die Jahre gekommen<\/strong> und konnte <strong>nicht f\u00fcr unterschiedliche Bewerber:innen-Gruppen<\/strong> angepasst werden. Darum <strong>ersetzte der T\u00dcV das Bewerbungsformular seines Recruitingsystems (eRecruiter) durch die SmartApply Bewerbungsmaske<\/strong>.<\/p>\t\t\t\t\t\t\t\t<\/div>\n\t\t\t\t<\/div>\n\t\t\t\t\t<\/div>\n\t\t\t\t<\/div>\n\t\t<div class=\"elementor-element elementor-element-2b82f3a e-con-full e-flex e-con e-child\" data-id=\"2b82f3a\" data-element_type=\"container\">\n\t\t\t\t<div class=\"elementor-element elementor-element-c9d59a3 elementor-widget elementor-widget-text-editor\" data-id=\"c9d59a3\" data-element_type=\"widget\" data-widget_type=\"text-editor.default\">\n\t\t\t\t<div class=\"elementor-widget-container\">\n\t\t\t\t\t\t\t\t\t<p>M\u00f6chtest du erfahren, wie deine Bewerbungsmaske zum Bewerber:innen-Liebling wird?<\/p>\t\t\t\t\t\t\t\t<\/div>\n\t\t\t\t<\/div>\n\t\t\t\t<div class=\"elementor-element elementor-element-4786c41 elementor-mobile-align-center elementor-tablet-align-center elementor-widget elementor-widget-button\" data-id=\"4786c41\" data-element_type=\"widget\" data-widget_type=\"button.default\">\n\t\t\t\t<div class=\"elementor-widget-container\">\n\t\t\t\t\t\t\t\t\t<div class=\"elementor-button-wrapper\">\n\t\t\t\t\t<a class=\"elementor-button elementor-button-link elementor-size-sm\" href=\"https:\/\/www.smartapply.io\/de\/kontakt\/\">\n\t\t\t\t\t\t<span class=\"elementor-button-content-wrapper\">\n\t\t\t\t\t\t<span class=\"elementor-button-icon\">\n\t\t\t\t<svg aria-hidden=\"true\" class=\"e-font-icon-svg e-fas-arrow-circle-right\" viewBox=\"0 0 512 512\" xmlns=\"http:\/\/www.w3.org\/2000\/svg\"><path d=\"M256 8c137 0 248 111 248 248S393 504 256 504 8 393 8 256 119 8 256 8zm-28.9 143.6l75.5 72.4H120c-13.3 0-24 10.7-24 24v16c0 13.3 10.7 24 24 24h182.6l-75.5 72.4c-9.7 9.3-9.9 24.8-.4 34.3l11 10.9c9.4 9.4 24.6 9.4 33.9 0L404.3 273c9.4-9.4 9.4-24.6 0-33.9L271.6 106.3c-9.4-9.4-24.6-9.4-33.9 0l-11 10.9c-9.5 9.6-9.3 25.1.4 34.4z\"><\/path><\/svg>\t\t\t<\/span>\n\t\t\t\t\t\t\t\t\t<span class=\"elementor-button-text\">Mehr erfahren<\/span>\n\t\t\t\t\t<\/span>\n\t\t\t\t\t<\/a>\n\t\t\t\t<\/div>\n\t\t\t\t\t\t\t\t<\/div>\n\t\t\t\t<\/div>\n\t\t\t\t<\/div>\n\t\t\t\t<\/div>\n\t\t\t\t\t<\/div>\n\t\t\t\t<\/div>\n\t\t<div class=\"elementor-element elementor-element-9b77cb5 e-con-full e-flex e-con e-parent\" data-id=\"9b77cb5\" data-element_type=\"container\" data-settings=\"{&quot;background_background&quot;:&quot;classic&quot;}\">\n\t\t<div class=\"elementor-element elementor-element-5393e0b e-con-full e-flex e-con e-child\" data-id=\"5393e0b\" data-element_type=\"container\">\n\t\t<div class=\"elementor-element elementor-element-269ea69 e-con-full e-flex e-con e-child\" data-id=\"269ea69\" data-element_type=\"container\">\n\t\t\t\t<div class=\"elementor-element elementor-element-39945ca elementor-widget elementor-widget-heading\" data-id=\"39945ca\" data-element_type=\"widget\" data-widget_type=\"heading.default\">\n\t\t\t\t<div class=\"elementor-widget-container\">\n\t\t\t\t\t<h2 class=\"elementor-heading-title elementor-size-default\">Mache dein Recruiting bis zu 100% effektiver. Ohne neue Systeme, ohne zus\u00e4tzlichen Aufwand.\u200b<\/h2>\t\t\t\t<\/div>\n\t\t\t\t<\/div>\n\t\t\t\t<\/div>\n\t\t\t\t<div class=\"elementor-element elementor-element-44457a4 elementor-mobile-align-center elementor-align-left elementor-widget__width-initial elementor-widget elementor-widget-button\" data-id=\"44457a4\" data-element_type=\"widget\" data-widget_type=\"button.default\">\n\t\t\t\t<div class=\"elementor-widget-container\">\n\t\t\t\t\t\t\t\t\t<div class=\"elementor-button-wrapper\">\n\t\t\t\t\t<a class=\"elementor-button elementor-button-link elementor-size-md\" href=\"\/kontakt\">\n\t\t\t\t\t\t<span class=\"elementor-button-content-wrapper\">\n\t\t\t\t\t\t<span class=\"elementor-button-icon\">\n\t\t\t\t<svg aria-hidden=\"true\" class=\"e-font-icon-svg e-fas-arrow-circle-right\" viewBox=\"0 0 512 512\" xmlns=\"http:\/\/www.w3.org\/2000\/svg\"><path d=\"M256 8c137 0 248 111 248 248S393 504 256 504 8 393 8 256 119 8 256 8zm-28.9 143.6l75.5 72.4H120c-13.3 0-24 10.7-24 24v16c0 13.3 10.7 24 24 24h182.6l-75.5 72.4c-9.7 9.3-9.9 24.8-.4 34.3l11 10.9c9.4 9.4 24.6 9.4 33.9 0L404.3 273c9.4-9.4 9.4-24.6 0-33.9L271.6 106.3c-9.4-9.4-24.6-9.4-33.9 0l-11 10.9c-9.5 9.6-9.3 25.1.4 34.4z\"><\/path><\/svg>\t\t\t<\/span>\n\t\t\t\t\t\t\t\t\t<span class=\"elementor-button-text\">Mehr erfahren<\/span>\n\t\t\t\t\t<\/span>\n\t\t\t\t\t<\/a>\n\t\t\t\t<\/div>\n\t\t\t\t\t\t\t\t<\/div>\n\t\t\t\t<\/div>\n\t\t\t\t<\/div>\n\t\t\t\t<\/div>\n\t\t\t\t<\/div>\n\t\t","protected":false},"excerpt":{"rendered":"<p>So hat T\u00dcV AUSTRIA die Zufriedenheit seiner Bewerber:innen deutlich gesteigert https:\/\/www.smartapply.io\/wp-content\/uploads\/manual\/TUVAT2024_Aufzeichnung.mp4 Das Bewerbungsformular des T\u00dcV AUSTRIA war in die Jahre gekommen und konnte nicht f\u00fcr unterschiedliche Bewerber:innen-Gruppen angepasst werden. Darum ersetzte der T\u00dcV das Bewerbungsformular seines Recruitingsystems (eRecruiter) durch die SmartApply Bewerbungsmaske. M\u00f6chtest du erfahren, wie deine Bewerbungsmaske zum Bewerber:innen-Liebling wird? Mehr erfahren Mache dein [&hellip;]<\/p>\n","protected":false},"author":2,"featured_media":0,"parent":6089,"menu_order":0,"comment_status":"closed","ping_status":"closed","template":"elementor_header_footer","meta":{"footnotes":""},"class_list":["post-6091","page","type-page","status-publish","hentry"],"_links":{"self":[{"href":"https:\/\/www.smartapply.io\/de\/wp-json\/wp\/v2\/pages\/6091","targetHints":{"allow":["GET"]}}],"collection":[{"href":"https:\/\/www.smartapply.io\/de\/wp-json\/wp\/v2\/pages"}],"about":[{"href":"https:\/\/www.smartapply.io\/de\/wp-json\/wp\/v2\/types\/page"}],"author":[{"embeddable":true,"href":"https:\/\/www.smartapply.io\/de\/wp-json\/wp\/v2\/users\/2"}],"replies":[{"embeddable":true,"href":"https:\/\/www.smartapply.io\/de\/wp-json\/wp\/v2\/comments?post=6091"}],"version-history":[{"count":7,"href":"https:\/\/www.smartapply.io\/de\/wp-json\/wp\/v2\/pages\/6091\/revisions"}],"predecessor-version":[{"id":7509,"href":"https:\/\/www.smartapply.io\/de\/wp-json\/wp\/v2\/pages\/6091\/revisions\/7509"}],"up":[{"embeddable":true,"href":"https:\/\/www.smartapply.io\/de\/wp-json\/wp\/v2\/pages\/6089"}],"wp:attachment":[{"href":"https:\/\/www.smartapply.io\/de\/wp-json\/wp\/v2\/media?parent=6091"}],"curies":[{"name":"wp","href":"https:\/\/api.w.org\/{rel}","templated":true}]}}