{"id":8834,"date":"2025-11-21T08:38:21","date_gmt":"2025-11-21T07:38:21","guid":{"rendered":"https:\/\/www.smartapply.io\/?page_id=8834"},"modified":"2025-11-21T10:02:14","modified_gmt":"2025-11-21T09:02:14","slug":"porr2025-ansehen-kxd","status":"publish","type":"page","link":"https:\/\/www.smartapply.io\/de\/webinars\/50-prozent-mehr-bewerbungen-porr\/porr2025-ansehen-kxd\/","title":{"rendered":"50% mehr Bewerbungen PORR &#8211; Ansehen"},"content":{"rendered":"\t\t<div data-elementor-type=\"wp-page\" data-elementor-id=\"8834\" class=\"elementor elementor-8834\" data-elementor-post-type=\"page\">\n\t\t\t\t<div class=\"elementor-element elementor-element-3738ede e-flex e-con-boxed e-con e-parent\" data-id=\"3738ede\" data-element_type=\"container\" data-settings=\"{&quot;background_background&quot;:&quot;gradient&quot;,&quot;shape_divider_bottom&quot;:&quot;waves&quot;}\">\n\t\t\t\t\t<div class=\"e-con-inner\">\n\t\t\t\t<div class=\"elementor-shape elementor-shape-bottom\" aria-hidden=\"true\" data-negative=\"false\">\n\t\t\t<svg xmlns=\"http:\/\/www.w3.org\/2000\/svg\" viewBox=\"0 0 1000 100\" preserveAspectRatio=\"none\">\n\t<path class=\"elementor-shape-fill\" d=\"M421.9,6.5c22.6-2.5,51.5,0.4,75.5,5.3c23.6,4.9,70.9,23.5,100.5,35.7c75.8,32.2,133.7,44.5,192.6,49.7\n\tc23.6,2.1,48.7,3.5,103.4-2.5c54.7-6,106.2-25.6,106.2-25.6V0H0v30.3c0,0,72,32.6,158.4,30.5c39.2-0.7,92.8-6.7,134-22.4\n\tc21.2-8.1,52.2-18.2,79.7-24.2C399.3,7.9,411.6,7.5,421.9,6.5z\"\/>\n<\/svg>\t\t<\/div>\n\t\t<div class=\"elementor-element elementor-element-28f8b2a e-con-full e-flex e-con e-child\" data-id=\"28f8b2a\" data-element_type=\"container\">\n\t\t\t\t<div class=\"elementor-element elementor-element-bfaf1c2 elementor-widget elementor-widget-heading\" data-id=\"bfaf1c2\" data-element_type=\"widget\" data-widget_type=\"heading.default\">\n\t\t\t\t<div class=\"elementor-widget-container\">\n\t\t\t\t\t<h1 class=\"elementor-heading-title elementor-size-default\">SmartApply bei PORR<\/h1>\t\t\t\t<\/div>\n\t\t\t\t<\/div>\n\t\t\t\t<\/div>\n\t\t\t\t\t<\/div>\n\t\t\t\t<\/div>\n\t\t<div class=\"elementor-element elementor-element-9d12d63 e-flex e-con-boxed e-con e-child\" data-id=\"9d12d63\" data-element_type=\"container\">\n\t\t\t\t\t<div class=\"e-con-inner\">\n\t\t<div class=\"elementor-element elementor-element-ef267fd e-con-full e-flex e-con e-child\" data-id=\"ef267fd\" data-element_type=\"container\">\n\t\t<div class=\"elementor-element elementor-element-a19db46 e-flex e-con-boxed e-con e-child\" data-id=\"a19db46\" data-element_type=\"container\">\n\t\t\t\t\t<div class=\"e-con-inner\">\n\t\t\t\t<div class=\"elementor-element elementor-element-18a3f13 elementor-widget elementor-widget-video\" data-id=\"18a3f13\" data-element_type=\"widget\" data-settings=\"{&quot;video_type&quot;:&quot;hosted&quot;,&quot;controls&quot;:&quot;yes&quot;}\" data-widget_type=\"video.default\">\n\t\t\t\t<div class=\"elementor-widget-container\">\n\t\t\t\t\t\t\t<div class=\"e-hosted-video elementor-wrapper elementor-open-inline\">\n\t\t\t\t\t<video class=\"elementor-video\" src=\"https:\/\/www.smartapply.io\/wp-content\/uploads\/manual\/PORR2025_Video.mp4\" controls=\"\" preload=\"auto\" controlsList=\"nodownload\"><\/video>\n\t\t\t\t<\/div>\n\t\t\t\t\t\t<\/div>\n\t\t\t\t<\/div>\n\t\t\t\t<div class=\"elementor-element elementor-element-b01d1b6 elementor-widget elementor-widget-text-editor\" data-id=\"b01d1b6\" data-element_type=\"widget\" data-widget_type=\"text-editor.default\">\n\t\t\t\t<div class=\"elementor-widget-container\">\n\t\t\t\t\t\t\t\t\t<p>Jedes dritte Unternehmen arbeitet heute daran, seine <strong>Bewerbungsmaske zu modernisieren<\/strong>. Die PORR hat das Bewerbungsformular ihres SuccessFactors-Systems durch die moderne SmartApply Bewerbungsmaske ersetzt, und bekommt nun 50% mehr Bewerbungen.<\/p><p><strong>Daniel Ziegl, Head of Employer Branding und Recruiting der PORR<\/strong>, spricht mit Pascal Kager dar\u00fcber, wie der europ\u00e4ische Baukunzern mit \u00fcber 20.000 Mitarbeitenden SmartApply erfolgreich eingef\u00fchrt hat.<\/p>\t\t\t\t\t\t\t\t<\/div>\n\t\t\t\t<\/div>\n\t\t\t\t\t<\/div>\n\t\t\t\t<\/div>\n\t\t<div class=\"elementor-element elementor-element-c65ca5a e-con-full elementor-hidden-tablet elementor-hidden-mobile e-flex e-con e-child\" data-id=\"c65ca5a\" data-element_type=\"container\">\n\t\t\t\t<div class=\"elementor-element elementor-element-e9f59b6 elementor-widget elementor-widget-text-editor\" data-id=\"e9f59b6\" data-element_type=\"widget\" data-widget_type=\"text-editor.default\">\n\t\t\t\t<div class=\"elementor-widget-container\">\n\t\t\t\t\t\t\t\t\t<p>M\u00f6chtest du erfahren, wie du dein Recruiting mit SmartApply bis zu 100% effektiver machen kannst?<\/p>\t\t\t\t\t\t\t\t<\/div>\n\t\t\t\t<\/div>\n\t\t\t\t<div class=\"elementor-element elementor-element-1214e93 elementor-mobile-align-center elementor-tablet-align-center elementor-widget elementor-widget-button\" data-id=\"1214e93\" data-element_type=\"widget\" data-widget_type=\"button.default\">\n\t\t\t\t<div class=\"elementor-widget-container\">\n\t\t\t\t\t\t\t\t\t<div class=\"elementor-button-wrapper\">\n\t\t\t\t\t<a class=\"elementor-button elementor-button-link elementor-size-sm\" href=\"https:\/\/www.smartapply.io\/de\/kontakt\/\">\n\t\t\t\t\t\t<span class=\"elementor-button-content-wrapper\">\n\t\t\t\t\t\t<span class=\"elementor-button-icon\">\n\t\t\t\t<svg aria-hidden=\"true\" class=\"e-font-icon-svg e-fas-arrow-circle-right\" viewBox=\"0 0 512 512\" xmlns=\"http:\/\/www.w3.org\/2000\/svg\"><path d=\"M256 8c137 0 248 111 248 248S393 504 256 504 8 393 8 256 119 8 256 8zm-28.9 143.6l75.5 72.4H120c-13.3 0-24 10.7-24 24v16c0 13.3 10.7 24 24 24h182.6l-75.5 72.4c-9.7 9.3-9.9 24.8-.4 34.3l11 10.9c9.4 9.4 24.6 9.4 33.9 0L404.3 273c9.4-9.4 9.4-24.6 0-33.9L271.6 106.3c-9.4-9.4-24.6-9.4-33.9 0l-11 10.9c-9.5 9.6-9.3 25.1.4 34.4z\"><\/path><\/svg>\t\t\t<\/span>\n\t\t\t\t\t\t\t\t\t<span class=\"elementor-button-text\">Kontaktiere uns<\/span>\n\t\t\t\t\t<\/span>\n\t\t\t\t\t<\/a>\n\t\t\t\t<\/div>\n\t\t\t\t\t\t\t\t<\/div>\n\t\t\t\t<\/div>\n\t\t\t\t<\/div>\n\t\t\t\t<\/div>\n\t\t\t\t\t<\/div>\n\t\t\t\t<\/div>\n\t\t<div class=\"elementor-element elementor-element-af20fa9 e-con-full e-flex e-con e-parent\" data-id=\"af20fa9\" data-element_type=\"container\" data-settings=\"{&quot;background_background&quot;:&quot;classic&quot;}\">\n\t\t<div class=\"elementor-element elementor-element-d6ac640 e-con-full e-flex e-con e-child\" data-id=\"d6ac640\" data-element_type=\"container\">\n\t\t<div class=\"elementor-element elementor-element-189c3ac e-con-full e-flex e-con e-child\" data-id=\"189c3ac\" data-element_type=\"container\">\n\t\t\t\t<div class=\"elementor-element elementor-element-59409b2 elementor-widget elementor-widget-heading\" data-id=\"59409b2\" data-element_type=\"widget\" data-widget_type=\"heading.default\">\n\t\t\t\t<div class=\"elementor-widget-container\">\n\t\t\t\t\t<h2 class=\"elementor-heading-title elementor-size-default\">Mache dein Recruiting bis zu 100% effektiver. Ohne neue Systeme, ohne zus\u00e4tzlichen Aufwand.\u200b<\/h2>\t\t\t\t<\/div>\n\t\t\t\t<\/div>\n\t\t\t\t<\/div>\n\t\t\t\t<div class=\"elementor-element elementor-element-c8afad1 elementor-mobile-align-center elementor-align-left elementor-widget__width-initial elementor-widget elementor-widget-button\" data-id=\"c8afad1\" data-element_type=\"widget\" data-widget_type=\"button.default\">\n\t\t\t\t<div class=\"elementor-widget-container\">\n\t\t\t\t\t\t\t\t\t<div class=\"elementor-button-wrapper\">\n\t\t\t\t\t<a class=\"elementor-button elementor-button-link elementor-size-md\" href=\"https:\/\/www.smartapply.io\/de\/kontakt\/\">\n\t\t\t\t\t\t<span class=\"elementor-button-content-wrapper\">\n\t\t\t\t\t\t<span class=\"elementor-button-icon\">\n\t\t\t\t<svg aria-hidden=\"true\" class=\"e-font-icon-svg e-fas-arrow-circle-right\" viewBox=\"0 0 512 512\" xmlns=\"http:\/\/www.w3.org\/2000\/svg\"><path d=\"M256 8c137 0 248 111 248 248S393 504 256 504 8 393 8 256 119 8 256 8zm-28.9 143.6l75.5 72.4H120c-13.3 0-24 10.7-24 24v16c0 13.3 10.7 24 24 24h182.6l-75.5 72.4c-9.7 9.3-9.9 24.8-.4 34.3l11 10.9c9.4 9.4 24.6 9.4 33.9 0L404.3 273c9.4-9.4 9.4-24.6 0-33.9L271.6 106.3c-9.4-9.4-24.6-9.4-33.9 0l-11 10.9c-9.5 9.6-9.3 25.1.4 34.4z\"><\/path><\/svg>\t\t\t<\/span>\n\t\t\t\t\t\t\t\t\t<span class=\"elementor-button-text\">Mehr erfahren<\/span>\n\t\t\t\t\t<\/span>\n\t\t\t\t\t<\/a>\n\t\t\t\t<\/div>\n\t\t\t\t\t\t\t\t<\/div>\n\t\t\t\t<\/div>\n\t\t\t\t<\/div>\n\t\t\t\t<\/div>\n\t\t\t\t<\/div>\n\t\t","protected":false},"excerpt":{"rendered":"<p>SmartApply bei PORR https:\/\/www.smartapply.io\/wp-content\/uploads\/manual\/PORR2025_Video.mp4 Jedes dritte Unternehmen arbeitet heute daran, seine Bewerbungsmaske zu modernisieren. Die PORR hat das Bewerbungsformular ihres SuccessFactors-Systems durch die moderne SmartApply Bewerbungsmaske ersetzt, und bekommt nun 50% mehr Bewerbungen. Daniel Ziegl, Head of Employer Branding und Recruiting der PORR, spricht mit Pascal Kager dar\u00fcber, wie der europ\u00e4ische Baukunzern mit \u00fcber 20.000 [&hellip;]<\/p>\n","protected":false},"author":2,"featured_media":0,"parent":8543,"menu_order":17,"comment_status":"closed","ping_status":"closed","template":"elementor_header_footer","meta":{"footnotes":""},"class_list":["post-8834","page","type-page","status-publish","hentry"],"_links":{"self":[{"href":"https:\/\/www.smartapply.io\/de\/wp-json\/wp\/v2\/pages\/8834","targetHints":{"allow":["GET"]}}],"collection":[{"href":"https:\/\/www.smartapply.io\/de\/wp-json\/wp\/v2\/pages"}],"about":[{"href":"https:\/\/www.smartapply.io\/de\/wp-json\/wp\/v2\/types\/page"}],"author":[{"embeddable":true,"href":"https:\/\/www.smartapply.io\/de\/wp-json\/wp\/v2\/users\/2"}],"replies":[{"embeddable":true,"href":"https:\/\/www.smartapply.io\/de\/wp-json\/wp\/v2\/comments?post=8834"}],"version-history":[{"count":16,"href":"https:\/\/www.smartapply.io\/de\/wp-json\/wp\/v2\/pages\/8834\/revisions"}],"predecessor-version":[{"id":8871,"href":"https:\/\/www.smartapply.io\/de\/wp-json\/wp\/v2\/pages\/8834\/revisions\/8871"}],"up":[{"embeddable":true,"href":"https:\/\/www.smartapply.io\/de\/wp-json\/wp\/v2\/pages\/8543"}],"wp:attachment":[{"href":"https:\/\/www.smartapply.io\/de\/wp-json\/wp\/v2\/media?parent=8834"}],"curies":[{"name":"wp","href":"https:\/\/api.w.org\/{rel}","templated":true}]}}